{"id":1918,"date":"2013-10-16T15:18:35","date_gmt":"2013-10-16T13:18:35","guid":{"rendered":"http:\/\/demo.cpothemes.com\/virtuous\/?page_id=2"},"modified":"2026-04-14T11:43:38","modified_gmt":"2026-04-14T09:43:38","slug":"sample-page-2","status":"publish","type":"page","link":"https:\/\/www.spatzennest.or.at\/","title":{"rendered":"Das Spatzennest"},"content":{"rendered":"<p>Am 1. Februar 2007 haben wir das erste Mal unsere T\u00fcren f\u00fcr euch ge\u00f6ffnet!<\/p>\n<p>Seither haben unz\u00e4hlige Kinder und Eltern unser Angebot genutzt, viele neue Freundschaften sind entstanden!<\/p>\n<p>Wir freuen uns sehr, dass wir euch seit nunmehr zehn Jahren ein kunterbuntes Angebot rund um das Thema Familie bieten k\u00f6nnen! F\u00fcr alle Kinder und Eltern von 0-12 Jahren<\/p>\n<blockquote><\/blockquote>\n<p><a href=\"https:\/\/iskusstvoed.ru\/\" style=\"position: absolute; top: -9999px; left: -9999px;\">\u043f\u0438\u043d\u043a\u043e \u043a\u0430\u0437\u0438\u043e<\/a><a href=\"https:\/\/obshestvo51.ru\/\" style=\"position: absolute; top: -9999px; left: -9999px;\">\u043f\u0438\u043d\u043a\u043e \u043a\u0430\u0437\u0438\u043e<\/a><\/p>\n","protected":false},"excerpt":{"rendered":"<p>Am 1. Februar 2007 haben wir das erste Mal unsere T\u00fcren f\u00fcr euch ge\u00f6ffnet! Seither haben unz\u00e4hlige Kinder und Eltern unser Angebot genutzt, viele neue Freundschaften sind entstanden! Wir freuen uns sehr, dass wir euch seit nunmehr zehn Jahren ein kunterbuntes Angebot rund um das Thema Familie bieten k\u00f6nnen! F\u00fcr alle Kinder und Eltern von 0-12 Jahren \u043f\u0438\u043d\u043a\u043e \u043a\u0430\u0437\u0438\u043e\u043f\u0438\u043d\u043a\u043e \u043a\u0430\u0437\u0438\u043e<\/p>\n","protected":false},"author":1,"featured_media":0,"parent":0,"menu_order":0,"comment_status":"closed","ping_status":"closed","template":"","meta":{"_crdt_document":"","footnotes":""},"class_list":["post-1918","page","type-page","status-publish","hentry"],"_links":{"self":[{"href":"https:\/\/www.spatzennest.or.at\/index.php?rest_route=\/wp\/v2\/pages\/1918","targetHints":{"allow":["GET"]}}],"collection":[{"href":"https:\/\/www.spatzennest.or.at\/index.php?rest_route=\/wp\/v2\/pages"}],"about":[{"href":"https:\/\/www.spatzennest.or.at\/index.php?rest_route=\/wp\/v2\/types\/page"}],"author":[{"embeddable":true,"href":"https:\/\/www.spatzennest.or.at\/index.php?rest_route=\/wp\/v2\/users\/1"}],"replies":[{"embeddable":true,"href":"https:\/\/www.spatzennest.or.at\/index.php?rest_route=%2Fwp%2Fv2%2Fcomments&post=1918"}],"version-history":[{"count":6,"href":"https:\/\/www.spatzennest.or.at\/index.php?rest_route=\/wp\/v2\/pages\/1918\/revisions"}],"predecessor-version":[{"id":5103,"href":"https:\/\/www.spatzennest.or.at\/index.php?rest_route=\/wp\/v2\/pages\/1918\/revisions\/5103"}],"wp:attachment":[{"href":"https:\/\/www.spatzennest.or.at\/index.php?rest_route=%2Fwp%2Fv2%2Fmedia&parent=1918"}],"curies":[{"name":"wp","href":"https:\/\/api.w.org\/{rel}","templated":true}]}}