{"id":2867,"date":"2018-06-12T10:25:10","date_gmt":"2018-06-12T08:25:10","guid":{"rendered":"http:\/\/www.spatzennest.or.at\/?page_id=2867"},"modified":"2025-10-17T12:50:38","modified_gmt":"2025-10-17T10:50:38","slug":"impressum","status":"publish","type":"page","link":"https:\/\/www.spatzennest.or.at\/?page_id=2867","title":{"rendered":"Impressum"},"content":{"rendered":"<p class=\"adsimple-221063626\">Informationspflicht laut \u00a75 E-Commerce Gesetz, \u00a714 Unternehmensgesetzbuch, \u00a763 Gewerbeordnung und Offenlegungspflicht laut \u00a725 Mediengesetz.<\/p>\n<p class=\"adsimple-221063626\"><strong>ZVR:<\/strong>\u00a0054202246<\/p>\n<p class=\"adsimple-221063626\"><strong>Organschaftliche Vertreter<\/strong><br \/>\nObmann\/Obfrau: Barbara Schweighuber<br \/>\nObmann\/Obfrau Stellvertreter: Carina Buchmasser<\/p>\n<p class=\"adsimple-221063626\">Kirchenplatz 3, 4463 Gro\u00dframing<br \/>\n<strong>Tel.:<\/strong> 0680 154 61 37<br \/>\n<strong>E-Mail:<\/strong>\u00a0<a href=\"mailto:ekiz.spatzennest@gmail.com\">office@spatzennest.or.at<\/a><\/p>\n<p class=\"adsimple-221063626\"><strong>Vereinszweck:<\/strong><br \/>\nKinderbetreuung und Spielgruppen, Veranstaltungen f\u00fcr Kinder und Eltern von 0-12 Jahren<\/p>\n<p>Quelle: Erstellt\u00a0mit dem\u00a0<a title=\"Impressum Generator von firmenwebseiten.at\" href=\"https:\/\/www.firmenwebseiten.at\/impressum-generator\/\" target=\"_blank\" rel=\"follow noopener\">Impressum Generator von firmenwebseiten.at<\/a>\u00a0in Kooperation mit\u00a0<a class=\"external\" title=\"\" href=\"https:\/\/www.heiratsinfo.at\/\" target=\"_blank\" rel=\"follow noopener\">heiratsinfo.at<\/a><\/p>\n<h2 class=\"adsimple-221063626\">EU-Streitschlichtung<\/h2>\n<p>Gem\u00e4\u00df Verordnung \u00fcber Online-Streitbeilegung in Verbraucherangelegenheiten (ODR-Verordnung, ODR-VO) m\u00f6chten wir Sie \u00fcber die Online-Streitbeilegungsplattform (OS-Plattform) informieren.<br \/>\nVerbraucher haben die M\u00f6glichkeit, Beschwerden an die Online Streitbeilegungsplattform der Europ\u00e4ischen Kommission unter\u00a0<a class=\"adsimple-221063626\" href=\"http:\/\/ec.europa.eu\/odr?tid=221063626\" rel=\"nofollow\">http:\/\/ec.europa.eu\/odr<\/a>\u00a0zu richten. Die daf\u00fcr notwendigen Kontaktdaten finden Sie oberhalb in unserem Impressum.<\/p>\n<p>Wir m\u00f6chten Sie jedoch darauf hinweisen, dass wir nicht bereit oder verpflichtet sind, an Streitbeilegungsverfahren vor einer Verbraucherschlichtungsstelle teilzunehmen.<\/p>\n<h2 class=\"adsimple-221063626\">Haftung f\u00fcr Inhalte dieser Webseite<\/h2>\n<p>Wir entwickeln die Inhalte dieser Webseite st\u00e4ndig weiter und bem\u00fchen uns korrekte und aktuelle Informationen bereitzustellen. Leider k\u00f6nnen wir keine Haftung f\u00fcr die Korrektheit aller Inhalte auf dieser Webseite \u00fcbernehmen, speziell f\u00fcr jene die seitens Dritter bereitgestellt wurden.<\/p>\n<p>Sollten Ihnen problematische oder rechtswidrige Inhalte auffallen, bitte wir Sie uns umgehend zu kontaktieren, Sie finden die Kontaktdaten im Impressum.<\/p>\n<h2 class=\"adsimple-221063626\">Haftung f\u00fcr Links auf dieser Webseite<\/h2>\n<p>Unsere Webseite enth\u00e4lt Links zu anderen Webseiten f\u00fcr deren Inhalt wir nicht verantwortlich sind. Haftung f\u00fcr verlinkte Websites besteht laut\u00a0<a class=\"adsimple-221063626\" href=\"https:\/\/www.ris.bka.gv.at\/Dokument.wxe?Abfrage=Bundesnormen&amp;Dokumentnummer=NOR40025813&amp;tid=221063626\" target=\"_blank\" rel=\"noopener nofollow\">\u00a7 17 ECG<\/a>\u00a0f\u00fcr uns nicht, da wir keine Kenntnis rechtswidriger T\u00e4tigkeiten hatten und haben, uns solche Rechtswidrigkeiten auch bisher nicht aufgefallen sind und wir Links sofort entfernen w\u00fcrden, wenn uns Rechtswidrigkeiten bekannt werden.<\/p>\n<p>Wenn Ihnen rechtswidrige Links auf unserer Website auffallen, bitte wir Sie uns zu kontaktieren, Sie finden die Kontaktdaten im Impressum.<\/p>\n<h2 class=\"adsimple-221063626\">Urheberrechtshinweis<\/h2>\n<p>Alle Inhalte dieser Webseite (Bilder, Fotos, Texte, Videos) unterliegen dem Urheberrecht. Falls notwendig, werden wir die unerlaubte Nutzung von Teilen der Inhalte unserer Seite rechtlich verfolgen.<\/p>\n<h2 class=\"adsimple-221063626\">Bildernachweis<\/h2>\n<p>Die Bilder, Fotos und Grafiken auf dieser Webseite sind urheberrechtlich gesch\u00fctzt. Alle Bilder von Pixabay unterliegen der\u00a0Creative Commons CC0 Lizenz<\/p>\n<p>Die Bilderrechte liegen bei den folgenden Fotografen und Unternehmen:<\/p>\n<ul class=\"adsimple-221063626\">\n<li class=\"adsimple-221063626\">Spatzennest<\/li>\n<li>Pixabay<\/li>\n<\/ul>\n<h1 class=\"adsimple-221063626\">Datenschutzerkl\u00e4rung<\/h1>\n<h2 class=\"adsimple-221063626\">Datenschutz<\/h2>\n<p>Wir haben diese Datenschutzerkl\u00e4rung (Fassung 12.06.2018-221063626) verfasst, um Ihnen gem\u00e4\u00df der Vorgaben der Datenschutz-Grundverordnung (EU) 2016\/679 und dem\u00a0<a class=\"adsimple-221063626\" href=\"https:\/\/www.ris.bka.gv.at\/GeltendeFassung.wxe?Abfrage=Bundesnormen&amp;Gesetzesnummer=10001597&amp;tid=221063626\" target=\"_blank\" rel=\"noopener nofollow\">Datenschutzgesetz (DSG)<\/a>\u00a0zu erkl\u00e4ren, welche Informationen wir sammeln, wie wir Daten verwenden und welche Entscheidungsm\u00f6glichkeiten Sie als Besucher dieser Webseite haben.<\/p>\n<p>Leider liegt es in der Natur der Sache, dass diese Erkl\u00e4rungen sehr technisch klingen, wir haben uns bei der Erstellung jedoch bem\u00fcht die wichtigsten Dinge so einfach und klar zu beschreiben.<\/p>\n<h2 class=\"adsimple-221063626\">Automatische Datenspeicherung<\/h2>\n<p>Wenn Sie heutzutage Webseiten besuchen, werden gewisse Informationen automatisch erstellt und gespeichert, so auch auf dieser Webseite.<\/p>\n<p>Wenn Sie unsere Webseite so wie jetzt gerade besuchen, speichert unser Webserver (Computer auf dem diese Webseite gespeichert ist) automatisch Daten wie<\/p>\n<ul class=\"adsimple-221063626\">\n<li class=\"adsimple-221063626\">die Adresse (URL) der aufgerufenen Webseite<\/li>\n<li class=\"adsimple-221063626\">Browser und Browserversion<\/li>\n<li class=\"adsimple-221063626\">das verwendete Betriebssystem<\/li>\n<li class=\"adsimple-221063626\">die Adresse (URL) der zuvor besuchten Seite (Referrer URL)<\/li>\n<li class=\"adsimple-221063626\">den Hostname und die IP-Adresse des Ger\u00e4ts von welchem aus zugegriffen wird<\/li>\n<li class=\"adsimple-221063626\">Datum und Uhrzeit<\/li>\n<\/ul>\n<p>in Dateien (Webserver-Logfiles).<\/p>\n<p>In der Regel werden Webserver-Logfiles zwei Wochen gespeichert und danach automatisch gel\u00f6scht. Wir geben diese Daten nicht weiter, k\u00f6nnen jedoch nicht ausschlie\u00dfen, dass diese Daten beim Vorliegen von rechtswidrigem Verhalten eingesehen werden.<br \/>\nDie Rechtsgrundlage besteht nach\u00a0<a class=\"adsimple-221063626\" href=\"https:\/\/eur-lex.europa.eu\/legal-content\/DE\/TXT\/HTML\/?uri=CELEX:32016R0679&amp;from=DE&amp;tid=221063626\" target=\"_blank\" rel=\"noopener nofollow\">Artikel 6\u00a0 Absatz 1 f DSGVO<\/a>\u00a0(Rechtm\u00e4\u00dfigkeit der Verarbeitung) darin, dass berechtigtes Interesse daran besteht, den fehlerfreien Betrieb dieser Webseite durch das Erfassen von Webserver-Logfiles zu erm\u00f6glichen.<\/p>\n<h2 class=\"adsimple-221063626\">Rechte laut Datenschutzgrundverordnung<\/h2>\n<p>Ihnen stehen laut den Bestimmungen der DSGVO und des \u00f6sterreichischen\u00a0<a class=\"adsimple-221063626\" href=\"https:\/\/www.ris.bka.gv.at\/GeltendeFassung.wxe?Abfrage=Bundesnormen&amp;Gesetzesnummer=10001597&amp;tid=221063626\" target=\"_blank\" rel=\"noopener nofollow\">Datenschutzgesetzes (DSG)<\/a>\u00a0grunds\u00e4tzlich die folgende Rechte zu:<\/p>\n<ul class=\"adsimple-221063626\">\n<li class=\"adsimple-221063626\">Recht auf Berichtung (Artikel 16 DSGVO)<\/li>\n<li class=\"adsimple-221063626\">Recht auf L\u00f6schung (\u201eRecht auf Vergessenwerden\u201c) (Artikel 17 DSGVO)<\/li>\n<li class=\"adsimple-221063626\">Recht auf Einschr\u00e4nkung der Verarbeitung (Artikel 18 DSGVO)<\/li>\n<li class=\"adsimple-221063626\">Recht auf Benachrichtigung \u2013 Mitteilungspflicht im Zusammenhang mit der Berichtigung oder L\u00f6schung personenbezogener Daten oder der Einschr\u00e4nkung der Verarbeitung (Artikel 19 DSGVO)<\/li>\n<li class=\"adsimple-221063626\">Recht auf Daten\u00fcbertragbarkeit (Artikel 20 DSGVO)<\/li>\n<li class=\"adsimple-221063626\">Widerspruchsrecht (Artikel 21 DSGVO)<\/li>\n<li class=\"adsimple-221063626\">Recht, nicht einer ausschlie\u00dflich auf einer automatisierten Verarbeitung \u2014 einschlie\u00dflich Profiling \u2014 beruhenden Entscheidung unterworfen zu werden (Artikel 22 DSGVO)<\/li>\n<\/ul>\n<p>Wenn Sie glauben, dass die Verarbeitung Ihrer Daten gegen das Datenschutzrecht verst\u00f6\u00dft oder Ihre datenschutzrechtlichen Anspr\u00fcche sonst in einer Weise verletzt worden sind, k\u00f6nnen Sie sich bei der Aufsichtsbeh\u00f6rde beschweren, welche in \u00d6sterreich die Datenschutzbeh\u00f6rde ist, deren Webseite Sie unter\u00a0<a class=\"adsimple-221063626\" href=\"https:\/\/www.dsb.gv.at\/?tid=221063626\" rel=\"nofollow\">https:\/\/www.dsb.gv.at\/<\/a>\u00a0finden.<\/p>\n<h2 class=\"adsimple-221063626\">Cookies<\/h2>\n<p>Unsere Website verwendet HTTP-Cookies um nutzerspezifische Daten zu speichern.<br \/>\nEin Cookie ist ein kurzes Datenpaket, welches zwischen Webbrowser und Webserver ausgetauscht wird, f\u00fcr diese aber v\u00f6llig bedeutungslos ist und erst f\u00fcr die Webanwendung, z. B. einen Online-Shop, eine Bedeutung erh\u00e4lt, etwa den Inhalt eines virtuellen Warenkorbes.<\/p>\n<p>Es gibt zwei Arten von Cookies: Erstanbieter-Cookies werden von unserer Website erstellt, Drittanbieter-Cookies werden von anderen Websites (z. B. Google Analytics) erstellt.<br \/>\nMan unterscheidet drei Kategorien von Cookies: unbedingt notwendige Cookies um grundlegende Funktionen der Website sicherzustellen, funktionelle Cookies um die Leistung der Webseite sicherzustellen und zielorientierte Cookies um das Benutzererlebnis zu verbessern.<\/p>\n<p>Wir nutzen Cookies, um unsere Webseite nutzerfreundlicher zu gestalten. Einige Cookies bleiben auf Ihrem Endger\u00e4t gespeichert, bis Sie diese l\u00f6schen. Sie erm\u00f6glichen es uns, Ihren Browser beim n\u00e4chsten Besuch wiederzuerkennen.<\/p>\n<h3 class=\"adsimple-221063626\">Cookie Einstellungen sehen und Cookies l\u00f6schen<\/h3>\n<p>Wenn Sie feststellen m\u00f6chten, welche Cookies in Ihrem Browser gespeichert wurden, Cookie-Einstellungen \u00e4ndern oder Cookies l\u00f6schen m\u00f6chten, k\u00f6nnen Sie dies in Ihren Browser-Einstellungen finden:<\/p>\n<ul class=\"adsimple-221063626\">\n<li class=\"adsimple-221063626\"><a class=\"adsimple-221063626\" href=\"https:\/\/support.apple.com\/kb\/ph21411?locale=de_AT\" target=\"_blank\" rel=\"noopener nofollow\">Safari: Verwalten von Cookies und Websitedaten mit Safari<\/a><\/li>\n<li class=\"adsimple-221063626\"><a class=\"adsimple-221063626\" href=\"https:\/\/support.mozilla.org\/de\/kb\/cookies-loeschen-daten-von-websites-entfernen\" target=\"_blank\" rel=\"noopener nofollow\">Firefox: Cookies l\u00f6schen, um Daten zu entfernen, die Websites auf Ihrem Computer abgelegt haben<\/a><\/li>\n<li class=\"adsimple-221063626\"><a class=\"adsimple-221063626\" href=\"https:\/\/support.google.com\/chrome\/answer\/95647?co=GENIE.Platform%3DDesktop&amp;hl=de\" target=\"_blank\" rel=\"noopener nofollow\">Chrome: Cookies in Chrome l\u00f6schen, aktivieren und verwalten<\/a><\/li>\n<li class=\"adsimple-221063626\"><a class=\"adsimple-221063626\" href=\"https:\/\/support.microsoft.com\/de-at\/help\/17442\/windows-internet-explorer-delete-manage-cookies\" target=\"_blank\" rel=\"noopener nofollow\">Internet Explorer: L\u00f6schen und Verwalten von Cookies<\/a><\/li>\n<\/ul>\n<p>Wenn Sie die Speicherung von Daten in Cookies nicht w\u00fcnschen, so k\u00f6nnen Sie Ihren Browser so einrichten, dass er Sie \u00fcber das Setzen von Cookies informiert und Sie dies nur im Einzelfall erlauben.\u00a0Sie k\u00f6nnen jederzeit Cookies, die sich bereits auf Ihrem Computer befinden, l\u00f6schen oder Cookies deaktivieren. Die Vorgangsweise dazu ist nach Browser unterschiedlich, am besten Sie suchen die Anleitung in Google mit dem Suchbegriff \u201cCookies l\u00f6schen Chrome\u201d oder \u201eCookies deaktivieren Chrome\u201c im Falle eines Chrome Browsers oder tauschen das Wort \u201eChrome\u201c gegen den Namen Ihres Browsers, z. B. Edge, Firefox, Safari aus.<br \/>\nWenn Sie uns generell nicht gestatten, Cookies zu nutzen, d.h. diese per Browsereinstellung deaktivieren, k\u00f6nnen manche Funktionen und Seiten nicht wie erwartet funktionieren.<\/p>\n<h2 class=\"adsimple-221063626\">Google Fonts Datenschutzerkl\u00e4rung<\/h2>\n<p>Wir verwenden Google Fonts der Firma Google Inc. (1600 Amphitheatre Parkway Mountain View, CA 94043, USA) auf unserer Webseite. Die Verwendung von Google Fonts erfolgt ohne Authentisierung und es werden keine Cookies and die Google Fonts API gesendet. Sollten Sie ein Konto bei Google haben, werden keine Ihrer Google-Kontodaten an Google w\u00e4hrend der Nutzung von Google Fonts \u00fcbermittelt. Google erfasst lediglich die Nutzung von CSS und der verwendeten Fonts und speichert diese Daten sicher. Mehr zu diesen und weiteren Fragen finden Sie auf\u00a0<a class=\"adsimple-221063626\" href=\"https:\/\/developers.google.com\/fonts\/faq\" rel=\"nofollow\">https:\/\/developers.google.com\/fonts\/faq<\/a>.<\/p>\n<p>Welche Daten von Google erfasst werden und wof\u00fcr diese Daten verwendet werden, k\u00f6nnen Sie auf\u00a0<a class=\"adsimple-221063626\" href=\"https:\/\/www.google.com\/intl\/de\/policies\/privacy\/\" rel=\"nofollow\">https:\/\/www.google.com\/intl\/de\/policies\/privacy\/<\/a>\u00a0nachlesen.<\/p>\n<h2 class=\"adsimple-221063626\">Facebook Datenschutzerkl\u00e4rung<\/h2>\n<p>Wir verwenden auf dieser Webseite Funktionen von Facebook, einem Social Media Network der FIrma Facebook Ireland Ltd., 4 Grand Canal Square, Grand Canal Harbour, Dublin 2 Ireland.<br \/>\nWelche Funktionen (Soziale Plug-ins) Facebook bereitstellt, k\u00f6nnen Sie auf\u00a0<a class=\"adsimple-221063626\" href=\"https:\/\/developers.facebook.com\/docs\/plugins\/\" rel=\"nofollow\">https:\/\/developers.facebook.com\/docs\/plugins\/<\/a>\u00a0nachlesen.<br \/>\nDurch den Besuch unserer Webseite k\u00f6nnen Informationen an Facebook \u00fcbermittelt werden. Wenn Sie \u00fcber ein Facebook-Konto verf\u00fcgen, kann Facebook diese Daten Ihrem pers\u00f6nlichen Konto zuordnen. Sollten Sie das nicht w\u00fcnschen, melden Sie sich bitte von Facebook ab.<br \/>\nDie Datenschutzrichtlinien, welche Informationen Facebook sammelt und wie sie diese verwenden finden Sie auf\u00a0<a class=\"adsimple-221063626\" href=\"https:\/\/www.facebook.com\/policy.php\" rel=\"nofollow\">https:\/\/www.facebook.com\/policy.php<\/a>.<\/p>\n<h2 class=\"adsimple-221063626\">Twitter Datenschutzerkl\u00e4rung<\/h2>\n<p>Wir verwenden auf dieser Webseite Funktionen von Twitter, einem Social Network der Firma Twitter International Company, One Cumberland Place, Fenian Street, Dublin 2 D02 AX07, Irland.<\/p>\n<p>Dadurch k\u00f6nnen auch personenbezogene Daten an Twitter \u00fcbertragen werden. Wir \u00fcberwachen diesen Datenaustausch nicht und speichern nichts dar\u00fcber.<\/p>\n<p>Wenn Sie mehr \u00fcber die Nutzung Ihrer Daten durch Twitter wissen m\u00f6chten, finden Sie alle Informationen in der\u00a0<a class=\"adsimple-221063626\" href=\"https:\/\/twitter.com\/de\/privacy?tid=221063626\" rel=\"nofollow\">Twitter Datenschutzrichtline auf https:\/\/twitter.com\/de\/privacy<\/a>.<\/p>\n<p>Sollten Sie ein Konto bei Twitter haben, k\u00f6nnen Sie Ihre Datenschutzeinstellungen in den Konto- Einstellungen unter\u00a0<a class=\"adsimple-221063626\" href=\"https:\/\/twitter.com\/settings\/account?tid=221063626\" rel=\"nofollow\">https:\/\/twitter.com\/settings\/account<\/a>\u00a0\u00e4ndern.<\/p>\n<h2 class=\"adsimple-221063626\">Google+ Datenschutzerkl\u00e4rung<\/h2>\n<p>Wir nutzen auf unserer Webseite Funktionen von Google+, dem Social Network der Firma Google Inc. (1600 Amphitheatre Parkway Mountain View, CA 94043, USA).<\/p>\n<p>Wenn Sie die angebotenen Funktionen voll nutzen m\u00f6chten, ben\u00f6tigen Sie ein Google Konto.<\/p>\n<p>Auch bei der Nutzung der Funktionen (Google +1 Buttons, Google+ Badge, Follow button, Google+ Share button und Link, Sign-In Button, Hangout Button) ohne Google Konto werden bereits Informationen an Google \u00fcbermittelt.<\/p>\n<p>Wenn Sie mit Ihrem Google Konto w\u00e4hrend der Nutzung der oben angef\u00fchrten Funktionen angemeldet sind, werden Ihre Daten je nach Einstellung auf\u00a0<a class=\"adsimple-221063626\" href=\"https:\/\/plus.google.com\/settings\/\" rel=\"nofollow\">https:\/\/plus.google.com\/settings\/<\/a>\u00a0weltweit ver\u00f6ffentlicht und von Google gesammelt und ausgewertet.<\/p>\n<p>Welche Daten von Google erfasst werden und wof\u00fcr diese Daten verwendet werden, k\u00f6nnen Sie auf\u00a0<a class=\"adsimple-221063626\" href=\"https:\/\/www.google.com\/intl\/de\/policies\/privacy\/\" rel=\"nofollow\">https:\/\/www.google.com\/intl\/de\/policies\/privacy\/<\/a>\u00a0nachlesen.<\/p>\n<h2 class=\"adsimple-221063626\">Pinterest Datenschutzerkl\u00e4rung<\/h2>\n<p>Wir verwenden auf unserer Seite Buttons und Widgets des Social Media Netzwerks Pinterest, der Firma Pinterest Inc.,808 Brannan Street, San Francisco, CA 94103, USA.<\/p>\n<p>Durch den Aufruf von Seiten die solche Funktionen nutzen werden Daten (IP-Adresse, Browserdaten, Datum und Zeitpunkt, Cookies) an Pinterest \u00fcbermittelt, gespeichert und ausgewertet.<\/p>\n<p>Die Datenschutzrichtlinien, welche Informationen Pinterest sammelt und wie sie diese verwenden finden Sie auf\u00a0<a class=\"adsimple-221063626\" href=\"https:\/\/policy.pinterest.com\/de\/privacy-policy\" rel=\"nofollow\">https:\/\/policy.pinterest.com\/de\/privacy-policy<\/a>.<\/p>\n","protected":false},"excerpt":{"rendered":"<p>Informationspflicht laut \u00a75 E-Commerce Gesetz, \u00a714 Unternehmensgesetzbuch, \u00a763 Gewerbeordnung und Offenlegungspflicht laut \u00a725 Mediengesetz. ZVR:\u00a0054202246 Organschaftliche Vertreter Obmann\/Obfrau: Barbara Schweighuber Obmann\/Obfrau Stellvertreter: Carina Buchmasser Kirchenplatz 3, 4463 Gro\u00dframing Tel.: 0680 154 61 37 E-Mail:\u00a0office@spatzennest.or.at Vereinszweck: Kinderbetreuung und Spielgruppen, Veranstaltungen f\u00fcr Kinder und Eltern von 0-12 Jahren Quelle: Erstellt\u00a0mit dem\u00a0Impressum Generator von firmenwebseiten.at\u00a0in Kooperation mit\u00a0heiratsinfo.at EU-Streitschlichtung Gem\u00e4\u00df Verordnung \u00fcber Online-Streitbeilegung in Verbraucherangelegenheiten (ODR-Verordnung, ODR-VO) m\u00f6chten wir Sie \u00fcber die Online-Streitbeilegungsplattform (OS-Plattform) informieren. Verbraucher haben die M\u00f6glichkeit, Beschwerden an die Online Streitbeilegungsplattform&hellip;<\/p>\n","protected":false},"author":1,"featured_media":0,"parent":0,"menu_order":0,"comment_status":"closed","ping_status":"closed","template":"","meta":{"_crdt_document":"","footnotes":""},"class_list":["post-2867","page","type-page","status-publish","hentry"],"_links":{"self":[{"href":"https:\/\/www.spatzennest.or.at\/index.php?rest_route=\/wp\/v2\/pages\/2867","targetHints":{"allow":["GET"]}}],"collection":[{"href":"https:\/\/www.spatzennest.or.at\/index.php?rest_route=\/wp\/v2\/pages"}],"about":[{"href":"https:\/\/www.spatzennest.or.at\/index.php?rest_route=\/wp\/v2\/types\/page"}],"author":[{"embeddable":true,"href":"https:\/\/www.spatzennest.or.at\/index.php?rest_route=\/wp\/v2\/users\/1"}],"replies":[{"embeddable":true,"href":"https:\/\/www.spatzennest.or.at\/index.php?rest_route=%2Fwp%2Fv2%2Fcomments&post=2867"}],"version-history":[{"count":3,"href":"https:\/\/www.spatzennest.or.at\/index.php?rest_route=\/wp\/v2\/pages\/2867\/revisions"}],"predecessor-version":[{"id":4944,"href":"https:\/\/www.spatzennest.or.at\/index.php?rest_route=\/wp\/v2\/pages\/2867\/revisions\/4944"}],"wp:attachment":[{"href":"https:\/\/www.spatzennest.or.at\/index.php?rest_route=%2Fwp%2Fv2%2Fmedia&parent=2867"}],"curies":[{"name":"wp","href":"https:\/\/api.w.org\/{rel}","templated":true}]}}