{"id":4199,"date":"2022-09-26T11:47:07","date_gmt":"2022-09-26T09:47:07","guid":{"rendered":"https:\/\/www.spatzennest.or.at\/?page_id=4199"},"modified":"2025-08-13T13:47:23","modified_gmt":"2025-08-13T11:47:23","slug":"das-team","status":"publish","type":"page","link":"https:\/\/www.spatzennest.or.at\/?page_id=4199","title":{"rendered":"Das Team"},"content":{"rendered":"\n<div style=\"height:34px\" aria-hidden=\"true\" class=\"wp-block-spacer\"><\/div>\n\n\n\n<div class=\"wp-block-columns is-layout-flex wp-container-core-columns-is-layout-8f761849 wp-block-columns-is-layout-flex\">\n<div class=\"wp-block-column has-background is-layout-flow wp-block-column-is-layout-flow\" style=\"background-color:#abb7c24d\"><div class=\"wp-block-image\">\n<figure class=\"aligncenter size-full\"><a href=\"https:\/\/www.spatzennest.or.at\/?page_id=4225\"><img loading=\"lazy\" decoding=\"async\" width=\"300\" height=\"300\" src=\"https:\/\/www.spatzennest.or.at\/wp-content\/uploads\/2017\/08\/vorstand.jpg\" alt=\"\" class=\"wp-image-2376\"\/><\/a><\/figure>\n<\/div>\n\n\n<div style=\"height:15px\" aria-hidden=\"true\" class=\"wp-block-spacer\"><\/div>\n\n\n\n<h4 class=\"wp-block-heading has-text-align-center team\"><a href=\"https:\/\/www.spatzennest.or.at\/?page_id=4225\" data-type=\"URL\" data-id=\"https:\/\/www.spatzennest.or.at\/?page_id=4225\">Der Vorstand<\/a><\/h4>\n\n\n\n<p class=\"has-text-align-center team wp-block-paragraph\">Hier finden Sie eine \u00dcbersicht unserer Vorstandsmitglieder und die Gesch\u00e4ftsf\u00fchrung.<\/p>\n<\/div>\n\n\n\n<div class=\"wp-block-column has-background is-layout-flow wp-block-column-is-layout-flow\" style=\"background-color:#abb7c24d\"><div class=\"wp-block-image\">\n<figure class=\"aligncenter size-full\"><a href=\"https:\/\/www.spatzennest.or.at\/?page_id=4233\"><img loading=\"lazy\" decoding=\"async\" width=\"300\" height=\"300\" src=\"https:\/\/www.spatzennest.or.at\/wp-content\/uploads\/2014\/07\/grossraming.jpg\" alt=\"\" class=\"wp-image-2378\"\/><\/a><\/figure>\n<\/div>\n\n\n<div style=\"height:15px\" aria-hidden=\"true\" class=\"wp-block-spacer\"><\/div>\n\n\n\n<h4 class=\"wp-block-heading has-text-align-center team\"><a href=\"https:\/\/www.spatzennest.or.at\/?page_id=4233\" data-type=\"URL\" data-id=\"https:\/\/www.spatzennest.or.at\/?page_id=4233\">Gro\u00dframing<\/a><\/h4>\n\n\n\n<p class=\"has-text-align-center team wp-block-paragraph\">Hier finden Sie die wichtigsten Informationen \u00fcber die Filiale in Gro\u00dframing.<\/p>\n<\/div>\n\n\n\n<div class=\"wp-block-column has-background is-layout-flow wp-block-column-is-layout-flow\" style=\"background-color:#abb7c24d\"><div class=\"wp-block-image\">\n<figure class=\"aligncenter size-full\"><a href=\"https:\/\/www.spatzennest.or.at\/?page_id=4237\"><img loading=\"lazy\" decoding=\"async\" width=\"300\" height=\"300\" src=\"https:\/\/www.spatzennest.or.at\/wp-content\/uploads\/2014\/07\/maria_neustift.jpg\" alt=\"\" class=\"wp-image-2377\"\/><\/a><\/figure>\n<\/div>\n\n\n<div style=\"height:15px\" aria-hidden=\"true\" class=\"wp-block-spacer\"><\/div>\n\n\n\n<h4 class=\"wp-block-heading has-text-align-center team\"><a href=\"https:\/\/www.spatzennest.or.at\/?page_id=4237\" data-type=\"URL\" data-id=\"https:\/\/www.spatzennest.or.at\/?page_id=4237\">Maria Neustift<\/a><\/h4>\n\n\n\n<p class=\"has-text-align-center team wp-block-paragraph\">Hier finden Sie die wichtigsten Informationen \u00fcber die Filiale in Maria Neustift<\/p>\n<\/div>\n<\/div>\n\n\n\n<div class=\"wp-block-columns is-layout-flex wp-container-core-columns-is-layout-8f761849 wp-block-columns-is-layout-flex\"><\/div>\n","protected":false},"excerpt":{"rendered":"<p>Der Vorstand Hier finden Sie eine \u00dcbersicht unserer Vorstandsmitglieder und die Gesch\u00e4ftsf\u00fchrung. Gro\u00dframing Hier finden Sie die wichtigsten Informationen \u00fcber die Filiale in Gro\u00dframing. Maria Neustift Hier finden Sie die wichtigsten Informationen \u00fcber die Filiale in Maria Neustift<\/p>\n","protected":false},"author":2,"featured_media":0,"parent":0,"menu_order":0,"comment_status":"closed","ping_status":"closed","template":"","meta":{"_crdt_document":"","footnotes":""},"class_list":["post-4199","page","type-page","status-publish","hentry"],"_links":{"self":[{"href":"https:\/\/www.spatzennest.or.at\/index.php?rest_route=\/wp\/v2\/pages\/4199","targetHints":{"allow":["GET"]}}],"collection":[{"href":"https:\/\/www.spatzennest.or.at\/index.php?rest_route=\/wp\/v2\/pages"}],"about":[{"href":"https:\/\/www.spatzennest.or.at\/index.php?rest_route=\/wp\/v2\/types\/page"}],"author":[{"embeddable":true,"href":"https:\/\/www.spatzennest.or.at\/index.php?rest_route=\/wp\/v2\/users\/2"}],"replies":[{"embeddable":true,"href":"https:\/\/www.spatzennest.or.at\/index.php?rest_route=%2Fwp%2Fv2%2Fcomments&post=4199"}],"version-history":[{"count":13,"href":"https:\/\/www.spatzennest.or.at\/index.php?rest_route=\/wp\/v2\/pages\/4199\/revisions"}],"predecessor-version":[{"id":4918,"href":"https:\/\/www.spatzennest.or.at\/index.php?rest_route=\/wp\/v2\/pages\/4199\/revisions\/4918"}],"wp:attachment":[{"href":"https:\/\/www.spatzennest.or.at\/index.php?rest_route=%2Fwp%2Fv2%2Fmedia&parent=4199"}],"curies":[{"name":"wp","href":"https:\/\/api.w.org\/{rel}","templated":true}]}}