{"id":4348,"date":"2023-09-09T10:09:29","date_gmt":"2023-09-09T08:09:29","guid":{"rendered":"https:\/\/www.spatzennest.or.at\/?page_id=4348"},"modified":"2026-02-10T16:23:36","modified_gmt":"2026-02-10T15:23:36","slug":"kursprogramm-herbst-2023","status":"publish","type":"page","link":"https:\/\/www.spatzennest.or.at\/?page_id=4348","title":{"rendered":"Spatzennest Kursprogramm Fr\u00fchjahr\/Sommer 2026"},"content":{"rendered":"<script>\n  if (typeof hasAmeliaEvent === 'undefined') {\n    var hasAmeliaEvent = true;\n  }\n  if (typeof hasEventApiCall === 'undefined' && ('' === '' && '' !== '1')) {\n    var hasEventApiCall = true;\n  }\n  var hasEventShortcode = (typeof hasEventShortcode === 'undefined') ? false : true;\n  var ameliaShortcodeData = (typeof ameliaShortcodeData === 'undefined') ? [] : ameliaShortcodeData;\n  ameliaShortcodeData.push(\n    {\n      'hasApiCall': (typeof hasEventApiCall !== 'undefined') && hasEventApiCall,\n      'trigger': '',\n      'trigger_type': '',\n      'triggered_form': 'elf',\n      'in_dialog': '',\n      'counter': '1000',\n      'employee': '',\n      'eventId': '',\n      'eventRecurring': 0,\n      'eventTag': \"\",\n      'locationId': \"\",\n      'range': \"\"\n    }\n  );\n  var ameliaShortcodeDataTriggered = (typeof ameliaShortcodeDataTriggered === 'undefined') ? [] : ameliaShortcodeDataTriggered;\n  if (ameliaShortcodeData[ameliaShortcodeData.length - 1].trigger !== '') {\n    if (ameliaShortcodeDataTriggered.filter(a => a.counter === ameliaShortcodeData[ameliaShortcodeData.length - 1].counter).length === 0) {\n      ameliaShortcodeDataTriggered.push(ameliaShortcodeData.pop());\n    } else {\n      ameliaShortcodeData.pop()\n    }\n  }\n  if (typeof hasEventApiCall !== 'undefined' && hasEventApiCall) {\n    hasEventApiCall = false;\n  }\n<\/script>\n\n<div\n  id=\"amelia-v2-booking-1000\"\n  class=\"amelia-v2-booking\"\n>\n    <events-list-form-wrapper><\/div>\n\n\n\n<p class=\"has-small-font-size wp-block-paragraph\">Das neue Kursprogramm Fr\u00fchjahr\/Sommer 2026 vom Spatzennest Gro\u00dframing und Maria Neustift und auch Weyer. Melde dich jetzt online oder telefonisch an. Wir haben f\u00fcr jedes Alter den richtigen Kurs und bieten jede Menge Veranstaltungen f\u00fcr kleine und gr\u00f6\u00dfere Kinder an.<\/p>\n\n\n\n<p class=\"wp-block-paragraph\"><\/p>\n","protected":false},"excerpt":{"rendered":"<p>Das neue Kursprogramm Fr\u00fchjahr\/Sommer 2026 vom Spatzennest Gro\u00dframing und Maria Neustift und auch Weyer. Melde dich jetzt online oder telefonisch an. Wir haben f\u00fcr jedes Alter den richtigen Kurs und bieten jede Menge Veranstaltungen f\u00fcr kleine und gr\u00f6\u00dfere Kinder an.<\/p>\n","protected":false},"author":1,"featured_media":0,"parent":0,"menu_order":0,"comment_status":"closed","ping_status":"closed","template":"","meta":{"_crdt_document":"","footnotes":""},"class_list":["post-4348","page","type-page","status-publish","hentry"],"_links":{"self":[{"href":"https:\/\/www.spatzennest.or.at\/index.php?rest_route=\/wp\/v2\/pages\/4348","targetHints":{"allow":["GET"]}}],"collection":[{"href":"https:\/\/www.spatzennest.or.at\/index.php?rest_route=\/wp\/v2\/pages"}],"about":[{"href":"https:\/\/www.spatzennest.or.at\/index.php?rest_route=\/wp\/v2\/types\/page"}],"author":[{"embeddable":true,"href":"https:\/\/www.spatzennest.or.at\/index.php?rest_route=\/wp\/v2\/users\/1"}],"replies":[{"embeddable":true,"href":"https:\/\/www.spatzennest.or.at\/index.php?rest_route=%2Fwp%2Fv2%2Fcomments&post=4348"}],"version-history":[{"count":82,"href":"https:\/\/www.spatzennest.or.at\/index.php?rest_route=\/wp\/v2\/pages\/4348\/revisions"}],"predecessor-version":[{"id":5005,"href":"https:\/\/www.spatzennest.or.at\/index.php?rest_route=\/wp\/v2\/pages\/4348\/revisions\/5005"}],"wp:attachment":[{"href":"https:\/\/www.spatzennest.or.at\/index.php?rest_route=%2Fwp%2Fv2%2Fmedia&parent=4348"}],"curies":[{"name":"wp","href":"https:\/\/api.w.org\/{rel}","templated":true}]}}